{"id":59,"date":"2018-06-13T20:01:04","date_gmt":"2018-06-13T18:01:04","guid":{"rendered":"https:\/\/existenciel.fr\/?page_id=59"},"modified":"2020-04-27T18:44:37","modified_gmt":"2020-04-27T16:44:37","slug":"liens-et-numeros-utiles","status":"publish","type":"page","link":"https:\/\/existenciel.fr\/index.php\/liens-et-numeros-utiles\/","title":{"rendered":"Liens et num\u00e9ros utiles"},"content":{"rendered":"<h1 style=\"text-align: center;\">Liens :<\/h1>\n<p style=\"text-align: center;\"><a href=\"https:\/\/www.matera.eu\/\"><strong>MATERA<\/strong><\/a><\/p>\n<p style=\"text-align: center;\"><a href=\"https:\/\/www.ville-antony.fr\/\" target=\"_blank\" rel=\"noopener noreferrer\">Site ville d&rsquo;Antony<\/a><\/p>\n<h1 style=\"text-align: center;\">Liste des prestataires :<\/h1>\n<p style=\"text-align: center;\">Assurance :\u00a0DOUSSET &amp; CIE<\/p>\n<p style=\"text-align: center;\">n\u00b0 01 44 01 07 41<\/p>\n<p style=\"text-align: center;\">Ascenseurs : <strong>OTIS<\/strong><br \/>\nn\u00b0 : 01 41 38 71 00<br \/>\nn\u00b0 24\/7 : 08 00 24 24 07<\/p>\n<p style=\"text-align: center;\">Entretien parties communes :<strong> AMIRAL<\/strong><br \/>\nn\u00b0 : 01 75 84 81 06<\/p>\n<p style=\"text-align: center;\">Portail parking : <strong>SERFA<\/strong><br \/>\nn\u00b0 : 01 43 91 62 00<br \/>\nn\u00b0 SAV : 01 43 91 62 02<\/p>\n<p style=\"text-align: center;\">BAES (bo\u00eetier autonome d&rsquo;\u00e9clairage et de s\u00e9curit\u00e9 ) : <strong>BOUVIER<\/strong><br \/>\nn\u00b0 : 01 60 17 02 15<\/p>\n<p style=\"text-align: center;\">Extincteurs : <strong>BOUVIER<\/strong><br \/>\nn\u00b0 : 01 60 17 02 15<\/p>\n<p style=\"text-align: center;\">Blocs portes : <strong>BOUVIER<\/strong><br \/>\nn\u00b0 : 01 60 17 02 15<\/p>\n<p style=\"text-align: center;\">Caisson extraction (VMC) : <strong>SALUBRIS<\/strong><br \/>\nn\u00b0 : 01 49 69 12 12<\/p>\n<p style=\"text-align: center;\">Pompes de relevage : <strong>SALUBRIS<\/strong><br \/>\nn\u00b0 : 01 49 69 12 12<\/p>\n<p style=\"text-align: center;\">Electricien : <strong>FAUROHM<\/strong><br \/>\nn\u00b0 : 01 41 72 11 10<\/p>\n<p style=\"text-align: center;\">Entretien compteurs eau froide : <strong>OCEA<\/strong><br \/>\nn\u00b0 : 05 62 89 21 57<\/p>\n<p style=\"text-align: center;\">Etanch\u00e9it\u00e9 : <strong>PROS ETANCHEITE<\/strong><br \/>\nn\u00b0 : 01 48 92 54 48<\/p>\n<p style=\"text-align: center;\">Plombier Pichet : <strong>RAVIER<\/strong><br \/>\nn\u00b0 : 01 34 63 10 10<br \/>\nn\u00b0 astreinte : 01 34 63 10 33<\/p>\n<p>&nbsp;<\/p>\n","protected":false},"excerpt":{"rendered":"<p>Liens : MATERA Site ville d&rsquo;Antony Liste des prestataires : Assurance :\u00a0DOUSSET &amp; CIE n\u00b0 01 44 01 07 41 Ascenseurs : OTIS n\u00b0 : 01 41 38 71 00 n\u00b0 24\/7 : 08 00 24 24 07 Entretien parties communes : AMIRAL n\u00b0 : 01 75 84 81 06 Portail parking : SERFA n\u00b0 &hellip; <\/p>\n<p class=\"link-more\"><a href=\"https:\/\/existenciel.fr\/index.php\/liens-et-numeros-utiles\/\" class=\"more-link\">Continuer la lecture<span class=\"screen-reader-text\"> de &laquo;&nbsp;Liens et num\u00e9ros utiles&nbsp;&raquo;<\/span><\/a><\/p>\n","protected":false},"author":4,"featured_media":0,"parent":0,"menu_order":0,"comment_status":"closed","ping_status":"closed","template":"","meta":{"footnotes":""},"class_list":["post-59","page","type-page","status-publish","hentry"],"_links":{"self":[{"href":"https:\/\/existenciel.fr\/index.php\/wp-json\/wp\/v2\/pages\/59","targetHints":{"allow":["GET"]}}],"collection":[{"href":"https:\/\/existenciel.fr\/index.php\/wp-json\/wp\/v2\/pages"}],"about":[{"href":"https:\/\/existenciel.fr\/index.php\/wp-json\/wp\/v2\/types\/page"}],"author":[{"embeddable":true,"href":"https:\/\/existenciel.fr\/index.php\/wp-json\/wp\/v2\/users\/4"}],"replies":[{"embeddable":true,"href":"https:\/\/existenciel.fr\/index.php\/wp-json\/wp\/v2\/comments?post=59"}],"version-history":[{"count":4,"href":"https:\/\/existenciel.fr\/index.php\/wp-json\/wp\/v2\/pages\/59\/revisions"}],"predecessor-version":[{"id":1185,"href":"https:\/\/existenciel.fr\/index.php\/wp-json\/wp\/v2\/pages\/59\/revisions\/1185"}],"wp:attachment":[{"href":"https:\/\/existenciel.fr\/index.php\/wp-json\/wp\/v2\/media?parent=59"}],"curies":[{"name":"wp","href":"https:\/\/api.w.org\/{rel}","templated":true}]}}