{"id":522,"date":"2018-10-14T14:57:59","date_gmt":"2018-10-14T12:57:59","guid":{"rendered":"https:\/\/existenciel.fr\/?page_id=522"},"modified":"2022-12-19T16:52:07","modified_gmt":"2022-12-19T15:52:07","slug":"reglement-interieur","status":"publish","type":"page","link":"https:\/\/existenciel.fr\/index.php\/reglement-interieur\/","title":{"rendered":"REGLEMENT INTERIEUR"},"content":{"rendered":"<p style=\"text-align: center;\"><strong><a href=\"https:\/\/existenciel.fr\/wp-content\/uploads\/2022\/12\/ARRETE-LUTTE-CONTRE-LE-BRUIT-2022.pdf\">ARRETE-LUTTE-CONTRE-LE-BRUIT 2022<\/a><\/strong><\/p>\n<p style=\"text-align: center;\"><span style=\"text-decoration: underline;\"><strong>CONSEIL SYNDICAL EXISTENCIEL<\/strong><\/span><\/p>\n<blockquote>\n<p style=\"text-align: center;\"><span style=\"text-decoration: underline;\"><strong>REGLEMENT INTERIEUR<\/strong><\/span><\/p>\n<p><img loading=\"lazy\" decoding=\"async\" class=\"aligncenter wp-image-538 size-medium\" src=\"https:\/\/existenciel.fr\/wp-content\/uploads\/2018\/10\/depositphotos_115235802-stock-illustration-hands-holding-roof-of-house-300x300.jpg\" alt=\"\" width=\"300\" height=\"300\" \/><\/p><\/blockquote>\n<p style=\"text-align: center;\"><strong>Parce que vivre en immeuble, c\u2019est d\u2019abord vivre entour\u00e9. Parce que bien vivre tout court, c\u2019est bien vivre ensemble.<\/strong><\/p>\n<p style=\"text-align: center;\"><strong>Et parce que notre voisin peut \u00eatre notre miroir :<\/strong><\/p>\n<p style=\"text-align: center;\"><strong>La Charte \u00ab\u00a0de bon voisinage\u00a0\u00bb<\/strong><\/p>\n<p style=\"text-align: center;\"><strong>Est un outil utile au bon d\u00e9roulement de la vie en communaut\u00e9.<\/strong><\/p>\n<p style=\"text-align: center;\"><strong>En la respectant,<\/strong><\/p>\n<p style=\"text-align: center;\"><strong>Vous vous engagez pour les autres mais aussi pour vous, et vous am\u00e9liorez votre quotidien par des gestes (tellement) simples !<\/strong><\/p>\n<p style=\"text-align: center;\"><strong>Tol\u00e9rance, Fraternit\u00e9, Respect, Convivialit\u00e9<\/strong><\/p>\n<blockquote>\n<p style=\"text-align: center;\"><span style=\"text-decoration: underline;\"><strong>\u00ab\u00a0Vivre en bons voisins, c\u2019est l\u2019affaire de chacun\u00a0\u00bb<\/strong><\/span><\/p>\n<\/blockquote>\n<p style=\"text-align: center;\"><strong>Mise en place par votre CS, EXISTENCIEL,<\/strong><br \/>\n<strong>cette charte est l\u2019outil tout d\u00e9sign\u00e9 pour vous amener \u00e0 entreprendre, ensemble, des actions qui am\u00e9lioreront la tranquillit\u00e9, l\u2019habitat et l\u2019environnement de votre r\u00e9sidence.<\/strong><\/p>\n<p style=\"text-align: center;\"><strong>Le respect, par chacun, de ces engagements est la condition pour bien vivre ensemble au sein de la r\u00e9sidence<\/strong><\/p>\n<p style=\"text-align: center;\"><span style=\"text-decoration: underline;\"><strong>Le CS s\u2019engage \u00e0<\/strong><\/span><\/p>\n<p style=\"text-align: center;\"><strong>\u00a0Assurer un contr\u00f4le sur site <\/strong><br \/>\n<strong>\u00a0Soutenir les initiatives locales<\/strong><br \/>\n<strong>\u00a0Pr\u00e9senter la Charte \u00e0 chaque nouveau locataire<\/strong><br \/>\n<strong>\u00a0Faire intervenir les m\u00e9diateurs sociaux d\u00e8s que n\u00e9cessaire<\/strong><\/p>\n<blockquote>\n<p style=\"text-align: center;\"><span style=\"text-decoration: underline;\"><strong>Le respect c&rsquo;est le moteur de la vie quotidienne<\/strong><\/span><\/p>\n<\/blockquote>\n<p style=\"text-align: center;\"><img loading=\"lazy\" decoding=\"async\" class=\"alignnone size-full wp-image-528\" src=\"https:\/\/existenciel.fr\/wp-content\/uploads\/2018\/10\/mains-colores-avec-un-symbole-d-amour-form-comme-coeur-67697244.jpg\" alt=\"\" width=\"240\" height=\"160\" \/><br \/>\n<strong>L\u2019agr\u00e9ment du logement et des parties communes, c\u2019est :<\/strong><\/p>\n<p style=\"text-align: center;\"><strong>\u00a0Pr\u00e9server son cadre de vie en \u00e9vitant de salir et d\u2019ab\u00eemer<\/strong><\/p>\n<p style=\"text-align: center;\"><strong>\u00a0Laisser toujours libres les acc\u00e8s aux pompiers<\/strong><br \/>\n<strong>\u00a0\u00c9viter de secouer tapis, balais ou paillasson et de jeter quoi que ce soit par la fen\u00eatre<\/strong><br \/>\n<strong>\u00a0Ne pas \u00e9tendre son linge de fa\u00e7on visible sur sa terrasse ou balcon dans un souci d\u2019esth\u00e9tique ext\u00e9rieure<\/strong><br \/>\n<strong>Ne pas installer ni canisses, ni encombrants<\/strong><\/p>\n<p style=\"text-align: center;\"><span style=\"text-decoration: underline;\"><strong>BRUIT<\/strong><\/span><\/p>\n<blockquote>\n<p style=\"text-align: center;\"><span style=\"text-decoration: underline;\"><strong>Gardez \u00e0 l\u2019esprit que votre sol est le plafond de votre voisin<\/strong><\/span><\/p>\n<p><img loading=\"lazy\" decoding=\"async\" class=\"aligncenter wp-image-529 size-medium\" src=\"https:\/\/existenciel.fr\/wp-content\/uploads\/2018\/10\/400_F_42417081_rYFQJ56AUk3qzv0RtknBzKIGVbUtG3Ty-300x300.jpg\" alt=\"\" width=\"300\" height=\"300\" \/><\/p><\/blockquote>\n<p style=\"text-align: center;\"><strong>Le bruit entra\u00eene souvent des conflits entre voisins<\/strong><\/p>\n<p style=\"text-align: center;\"><strong>Que ce soit lorsque vous \u00e9coutez la radio, regardez la t\u00e9l\u00e9vision ou faites du bricolage, n\u2019oubliez pas que cela peut g\u00eaner les autres habitants de l\u2019immeuble\u2026<\/strong><\/p>\n<p style=\"text-align: center;\"><strong>Il est largement possible de limiter ces nuisances en \u00e9vitant :<\/strong><\/p>\n<p style=\"text-align: center;\"><strong>\u00a0Les \u00e9clats de voix, les claquements de portes ou les d\u00e9placements de meubles<\/strong><\/p>\n<p style=\"text-align: center;\"><strong>\u00a0Les radios, t\u00e9l\u00e9visions, cha\u00eenes st\u00e9r\u00e9o et les instruments de musique \u00e0 volume excessif<\/strong><\/p>\n<p style=\"text-align: center;\"><strong>\u00a0Les chaussures bruyantes (arriv\u00e9 chez vous, vous pouvez vous d\u00e9chausser ou changer de chaussures)<\/strong><\/p>\n<p style=\"text-align: center;\"><strong>\u00a0Les jeux d\u2019enfants dans les parties communes<\/strong><\/p>\n<p style=\"text-align: center;\"><strong>\u00a0Les essais de voitures et scooters \u00e0 proximit\u00e9 des immeubles<\/strong><\/p>\n<p style=\"text-align: center;\"><strong>\u00a0Les bruits produits par les animaux, de nuit comme de jour<\/strong><\/p>\n<p style=\"text-align: center;\"><strong>\u00a0Les travaux d\u2019entretien ou de bricolage tardifs et matinaux. <\/strong><\/p>\n<blockquote>\n<p style=\"text-align: center;\"><strong>Sur arr\u00eat\u00e9 pr\u00e9fectoral,<\/strong><br \/>\n<strong>les autorisations sont :<\/strong><br \/>\n<strong><span style=\"text-decoration: underline;\">En semaine : 8h30\/12h &#8211; 14h30\/19h30 &#8211; Samedis : 9h\/12h &#8211; 15h\/19h &#8211; Dimanches et jours f\u00e9ri\u00e9s : 10h\/12h &#8211; 16h\/18h &#8211; Avant d\u2019organiser une f\u00eate, pensez \u00e0 pr\u00e9venir vos voisins<\/span><\/strong><\/p>\n<\/blockquote>\n<p style=\"text-align: center;\"><span style=\"text-decoration: underline;\"><strong>LA PROPRET\u00c9<\/strong><\/span><\/p>\n<blockquote>\n<p style=\"text-align: center;\"><span style=\"text-decoration: underline;\"><strong>Pour se sentir bien chez soi, il est essentiel que chacun prenne soin de conserver les parties communes en bon \u00e9tat<\/strong><\/span><\/p>\n<p><img loading=\"lazy\" decoding=\"async\" class=\"wp-image-531 size-medium aligncenter\" src=\"https:\/\/existenciel.fr\/wp-content\/uploads\/2018\/10\/depositphotos_3784902-stock-illustration-recycling-logo-300x232.jpg\" alt=\"\" width=\"300\" height=\"232\" \/><\/p>\n<p>&nbsp;<\/p><\/blockquote>\n<p style=\"text-align: center;\"><strong>En ne laissant rien dans les escaliers, couloirs et autres parties communes<\/strong><br \/>\n<strong>\u00a0En d\u00e9posant vos ordures dans les locaux pr\u00e9vus \u00e0 cet effet<\/strong><br \/>\n<strong>\u00a0En respectant le travail du personnel d\u2019entretien<\/strong><br \/>\n<strong>\u00a0En respectant l\u2019interdiction de fumer dans les parties communes<\/strong><br \/>\n<strong>En jetant votre m\u00e9got dans un cendrier ou en le gardant dans votre paquet en attendant de trouver une poubelle<\/strong><\/p>\n<ul>\n<li style=\"text-align: center;\"><strong>Le d\u00e9cret du 15 novembre 2006 (2006-1386) interdit de fumer dans les lieux affect\u00e9s \u00e0 un usage collectif, ferm\u00e9 et couvert, qui accueillent du public. Cette prohibition concerne les parties communes de l&rsquo;immeuble en copropri\u00e9t\u00e9.<\/strong><\/li>\n<\/ul>\n<p style=\"text-align: center;\"><span style=\"text-decoration: underline;\"><strong>EN VOITURE\/EN V\u00c9LO<\/strong><\/span><\/p>\n<p><img loading=\"lazy\" decoding=\"async\" class=\"wp-image-532 size-thumbnail aligncenter\" src=\"https:\/\/existenciel.fr\/wp-content\/uploads\/2018\/10\/sifr_b52_1_std.lang_.all_-150x150.jpg\" alt=\"\" width=\"150\" height=\"150\" \/><\/p>\n<p style=\"text-align: center;\"><strong>\u00a0Circulez le plus lentement possible afin d\u2019\u00e9viter tout accident<\/strong><br \/>\n<strong>Utilisation de votre klaxon est interdit<\/strong><\/p>\n<ul>\n<li style=\"text-align: center;\"><strong>Interdiction de stationner sur les emplacements handicap\u00e9s<\/strong><\/li>\n<li style=\"text-align: center;\"><strong>Interdiction de stationner sur les passages pi\u00e9tons<\/strong><\/li>\n<li style=\"text-align: center;\"><strong>Interdiction de stationner sur les voies de circulation ou de fa\u00e7on \u00e0 les obstruer<\/strong><\/li>\n<\/ul>\n<p>&nbsp;<\/p>\n<p style=\"text-align: center;\"><img loading=\"lazy\" decoding=\"async\" class=\"alignnone wp-image-533 size-thumbnail\" src=\"https:\/\/existenciel.fr\/wp-content\/uploads\/2018\/10\/panneau-klaxon-interdit-taliaplast-3277867-150x150.jpg\" alt=\"\" width=\"150\" height=\"150\" \/><br \/>\n<strong>\u00a0Respectez les emplacements handicap\u00e9s et les passages pi\u00e9tons<\/strong><\/p>\n<p style=\"text-align: center;\"><img loading=\"lazy\" decoding=\"async\" class=\"alignnone size-full wp-image-534\" src=\"https:\/\/existenciel.fr\/wp-content\/uploads\/2018\/10\/240_F_27610825_Hv5TrjsJ2ujFZLMOXJqRORtF598VPtIX.jpg\" alt=\"\" width=\"239\" height=\"240\" \/><br \/>\n<strong>\u00a0Ne stationnez pas sur les voies de circulation ou de fa\u00e7on \u00e0 les obstruer\u00a0<\/strong><\/p>\n<p style=\"text-align: center;\"><span style=\"text-decoration: underline;\"><strong>ANIMAUX<\/strong><\/span><\/p>\n<blockquote>\n<p style=\"text-align: center;\"><span style=\"text-decoration: underline;\"><strong>Ils sont tol\u00e9r\u00e9s dans le cadre des lois en vigueur mais veillez \u00e0 ce qu\u2019ils n\u2019occasionnent aucune g\u00eane pour vos voisins<\/strong><\/span><\/p>\n<p><img loading=\"lazy\" decoding=\"async\" class=\"wp-image-535 size-thumbnail aligncenter\" src=\"https:\/\/existenciel.fr\/wp-content\/uploads\/2018\/10\/d0976-z-150x150.jpg\" alt=\"\" width=\"150\" height=\"150\" \/><\/p><\/blockquote>\n<p style=\"text-align: center;\"><strong>\u00a0En tenant votre animal en laisse<\/strong><br \/>\n<strong>\u00a0En \u00e9tant responsable de lui et en vous assurant donc qu\u2019il n\u2019effraie ou n\u2019emb\u00eate pas vos voisins, m\u00eame en votre absence<\/strong><br \/>\n<strong>\u00a0En ne le laissant pas seul trop longtemps<\/strong><br \/>\n<strong>\u00a0En ramassant les d\u00e9jections qu\u2019il peut laisser sur les parties communes<\/strong><\/p>\n<p style=\"text-align: center;\"><span style=\"text-decoration: underline;\"><strong>Et si la Charte n\u2019est pas respect\u00e9e<\/strong><\/span><\/p>\n<p style=\"text-align: center;\"><span style=\"text-decoration: underline;\"><strong>Que puis-je faire ?<\/strong><\/span><\/p>\n<blockquote>\n<p style=\"text-align: center;\"><span style=\"text-decoration: underline;\"><strong>Le dialogue est la cl\u00e9 de toute situation difficile<\/strong><\/span><\/p>\n<\/blockquote>\n<p style=\"text-align: center;\"><strong>Choisissez d\u2019abord de discuter calmement avec votre voisin en lui expliquant ce qui vous d\u00e9range afin de trouver ensemble une solution satisfaisante.<\/strong><\/p>\n<p style=\"text-align: center;\"><strong>Si le dialogue n\u2019est pas suffisant, vous pouvez alors contacter :<\/strong><\/p>\n<ul>\n<li style=\"text-align: center;\"><strong>Le CS ou Syndic qui peut intervenir en rappelant les termes du r\u00e8glement de copropri\u00e9t\u00e9.<\/strong><\/li>\n<\/ul>\n<p style=\"text-align: center;\"><strong>\u00a0Dans les cas graves, la Gendarmerie dans la journ\u00e9e, ou le soir au 17, de pr\u00e9f\u00e9rence depuis un poste fixe.<\/strong><\/p>\n<p style=\"text-align: center;\"><strong>Le soir, les appels sont centralis\u00e9s sur l\u2019agglom\u00e9ration Parisienne. La brigade de votre Ville sera avertie dans tous les cas. Elle ou une autre interviendra en fonction des urgences du moment.<\/strong><\/p>\n<p style=\"text-align: center;\"><strong>\u00a0<\/strong><\/p>\n","protected":false},"excerpt":{"rendered":"<p>ARRETE-LUTTE-CONTRE-LE-BRUIT 2022 CONSEIL SYNDICAL EXISTENCIEL REGLEMENT INTERIEUR Parce que vivre en immeuble, c\u2019est d\u2019abord vivre entour\u00e9. Parce que bien vivre tout court, c\u2019est bien vivre ensemble. Et parce que notre voisin peut \u00eatre notre miroir : La Charte \u00ab\u00a0de bon voisinage\u00a0\u00bb Est un outil utile au bon d\u00e9roulement de la vie en communaut\u00e9. En la &hellip; <\/p>\n<p class=\"link-more\"><a href=\"https:\/\/existenciel.fr\/index.php\/reglement-interieur\/\" class=\"more-link\">Continuer la lecture<span class=\"screen-reader-text\"> de &laquo;&nbsp;REGLEMENT INTERIEUR&nbsp;&raquo;<\/span><\/a><\/p>\n","protected":false},"author":3,"featured_media":0,"parent":0,"menu_order":0,"comment_status":"closed","ping_status":"closed","template":"","meta":{"footnotes":""},"class_list":["post-522","page","type-page","status-publish","hentry"],"_links":{"self":[{"href":"https:\/\/existenciel.fr\/index.php\/wp-json\/wp\/v2\/pages\/522","targetHints":{"allow":["GET"]}}],"collection":[{"href":"https:\/\/existenciel.fr\/index.php\/wp-json\/wp\/v2\/pages"}],"about":[{"href":"https:\/\/existenciel.fr\/index.php\/wp-json\/wp\/v2\/types\/page"}],"author":[{"embeddable":true,"href":"https:\/\/existenciel.fr\/index.php\/wp-json\/wp\/v2\/users\/3"}],"replies":[{"embeddable":true,"href":"https:\/\/existenciel.fr\/index.php\/wp-json\/wp\/v2\/comments?post=522"}],"version-history":[{"count":5,"href":"https:\/\/existenciel.fr\/index.php\/wp-json\/wp\/v2\/pages\/522\/revisions"}],"predecessor-version":[{"id":1287,"href":"https:\/\/existenciel.fr\/index.php\/wp-json\/wp\/v2\/pages\/522\/revisions\/1287"}],"wp:attachment":[{"href":"https:\/\/existenciel.fr\/index.php\/wp-json\/wp\/v2\/media?parent=522"}],"curies":[{"name":"wp","href":"https:\/\/api.w.org\/{rel}","templated":true}]}}